{"id":4,"date":"2019-07-14T20:51:18","date_gmt":"2019-07-14T20:51:18","guid":{"rendered":"http:\/\/hoerbuch-club.de\/?page_id=4"},"modified":"2020-10-13T18:13:20","modified_gmt":"2020-10-13T18:13:20","slug":"mesmerize","status":"publish","type":"page","link":"http:\/\/hoerbuch-club.de\/","title":{"rendered":"Home"},"content":{"rendered":"<div  id=\"about-1\" style=\"background-color: #f5fafd;\" data-label=\"About\" data-id=\"about-images-right-section-mc\" data-export-id=\"about-images-right-section-mc\" data-bullets-visibility=\"true\" data-category=\"about\" class=\"about-images-right-section-mc content-section content-section-spacing\"><div  class=\"gridContainer\"> <div  class=\"row middle-sm text-center\"><div  class=\"col-sm-5 content-left-sm\" data-type=\"column\"> <h5  class=\"\">H\u00f6ren statt Lesen<\/h5> <h2  class=\"\">H\u00f6rbuchclub<\/h2> <p  class=\"\">Hier findet man unterhaltsame, lustige, lehrreiche\n<br >H\u00f6rb\u00fccher f\u00fcr Erwachsene und Kinder<\/p> <\/div> <div  class=\"col-sm-7 space-bottom-xs\"><div  class=\"image-group-side-3-img\"> <a data-cp-link=\"1\" href=\"https:\/\/open.spotify.com\/album\/5soBkpjLSwdpjG4RbAJYAm\" target=\"_blank\" class=\"\" rel=\"noopener noreferrer\"><img decoding=\"async\"  class=\"topimg shadow-large\" src=\"http:\/\/hoerbuch-club.de\/wp-content\/uploads\/2019\/07\/Kunjappu-Omatar-welcome-to-universe.jpg\" alt=\"Kunjappu-Omatar-welcome-to-universe\" title=\"Kunjappu-Omatar-welcome-to-universe\"><\/a> <a data-cp-link=\"1\" href=\"https:\/\/open.spotify.com\/search\/results\/Wo%20der%20Regenbogen%20badet\" target=\"_blank\" class=\"\" rel=\"noopener noreferrer\"><img decoding=\"async\"  class=\"rightimg shadow-large\" src=\"http:\/\/hoerbuch-club.de\/wp-content\/uploads\/2019\/07\/Wo-der-Regenbogen-badet.jpg\" alt=\"Wo-der-Regenbogen-badet\" title=\"Wo-der-Regenbogen-badet\"><\/a> <div  class=\"leftimg\"> <a data-cp-link=\"1\" href=\"https:\/\/open.spotify.com\/album\/0RkD2KfO5sPIgcTY0bEVIP\" target=\"_blank\" class=\"\" rel=\"noopener noreferrer\"><img decoding=\"async\"  class=\"shadow-large\" src=\"http:\/\/hoerbuch-club.de\/wp-content\/uploads\/2019\/07\/Der-Schneeberg.jpg\" alt=\"Wulf-Kreutel-Der-Schneeberg\" title=\"Wulf-Kreutel-Der-Schneeberg\"><\/a><\/div> <\/div><\/div> <\/div><\/div> <\/div><div  id=\"hoerbuecher\" style=\"background-color: #ffffff;\" data-label=\"Hoerbuecher\" data-id=\"features-16-card-bordered-mc\" data-export-id=\"features-16-card-bordered-mc\" data-bullets-visibility=\"true\" data-category=\"features\" class=\"features-16-card-bordered-mc content-section content-section-spacing\"><div  class=\"gridContainer\"> <div  class=\"row text-center\"><div  class=\"section-title-col\" data-type=\"column\"> <h5  class=\"\"><\/h5> <h2  class=\"\">Geschichten f\u00fcr Gro\u00df und Klein!<\/h2> <p  class=\"lead\">Erz\u00e4hlungen&nbsp; Geschichten&nbsp; M\u00e4rchen&nbsp; Storys&nbsp; Abenteuer&nbsp; Gute Nacht Geschichten<\/p><\/div> <\/div> <div  class=\"row spaced-cols center-sm content-center-sm\" data-type=\"row\"> <div  class=\"col-xs-12 col-sm-6 col-md-4\"> <div  class=\"card no-padding bordered y-move\"> <a data-cp-link=\"1\" href=\"https:\/\/open.spotify.com\/album\/4OafinZnSeW6mtzlGH0aLA\" target=\"_blank\" class=\"\" rel=\"noopener noreferrer\"><img decoding=\"async\"  class=\"face\" src=\"http:\/\/hoerbuch-club.de\/wp-content\/uploads\/2019\/07\/Wo-bitte-gehts-zum-Hit.jpg\" alt=\"Wo-bitte-gehts-zum-Hit\" title=\"Wo-bitte-gehts-zum-Hit\"><\/a> <div  data-type=\"column\" class=\"col-padding-small col-padding-small-xs description-container\"><a data-cp-link=\"1\" href=\"https:\/\/open.spotify.com\/album\/6iregJnQgCCqcGRNjl1i04\" class=\"\" target=\"_blank\" rel=\"noopener noreferrer\"><img decoding=\"async\"  class=\"custom-image\" src=\"http:\/\/hoerbuch-club.de\/wp-content\/uploads\/2019\/07\/Omatar-kurze-gef%C3%BChrte-Meditationen.jpg\" alt=\"Omatar-kurze-gef\u00fchrte-Meditationen\" title=\"Omatar-kurze-gef\u00fchrte-Meditationen\"><\/a>  <\/div> <div  data-type=\"column\" class=\"col-padding-small col-padding-small-xs read-more-container\"><a data-cp-link=\"1\" href=\"https:\/\/open.spotify.com\/search\/results\/Wo%20der%20Regenbogen%20badet\" class=\"\" target=\"_blank\" rel=\"noopener noreferrer\"><img decoding=\"async\"  class=\"custom-image\" src=\"http:\/\/hoerbuch-club.de\/wp-content\/uploads\/2019\/07\/Wo-der-Regenbogen-badet.jpg\" alt=\"Wo-der-Regenbogen-badet\" title=\"Wo-der-Regenbogen-badet\"><\/a><a data-cp-link=\"1\" href=\"https:\/\/open.spotify.com\/album\/2S1LOsX09ysJU94XA9MOxQ\" class=\"\" target=\"_blank\" rel=\"noopener noreferrer\"><img decoding=\"async\"  class=\"custom-image\" src=\"http:\/\/hoerbuch-club.de\/wp-content\/uploads\/2019\/07\/Gute-Nacht-Geschichten-Kinder-3.jpg\" alt=\"Gute-Nacht-Geschichten-Kinder-3\" title=\"Gute-Nacht-Geschichten-Kinder-3\"><\/a><a data-cp-link=\"1\" href=\"https:\/\/open.spotify.com\/album\/1evQ321GYlfhX28QFyee1p\" class=\"\" target=\"_blank\" rel=\"noopener noreferrer\"><img decoding=\"async\"  class=\"custom-image\" src=\"http:\/\/hoerbuch-club.de\/wp-content\/uploads\/2019\/07\/Gute-Nacht-Geschichten-Achtens.jpg\" alt=\"Gute-Nacht-Geschichten-Achtens\" title=\"Gute-Nacht-Geschichten-Achtens\"><\/a><a data-cp-link=\"1\" href=\"https:\/\/open.spotify.com\/album\/6Ol67OBaeM4mjO0wphI4DN\" class=\"\" target=\"_blank\" rel=\"noopener noreferrer\"><img decoding=\"async\"  class=\"custom-image\" src=\"http:\/\/hoerbuch-club.de\/wp-content\/uploads\/2019\/07\/Gisela-Ilk-Emma.jpg\" alt=\"Gisela-Ilk-Emma\" title=\"Gisela-Ilk-Emma\"><\/a><a data-cp-link=\"1\" href=\"https:\/\/open.spotify.com\/album\/1cEZRzH5KB1HlFA5ppCd56\" class=\"\" target=\"_blank\" rel=\"noopener noreferrer\"><img decoding=\"async\"  class=\"custom-image\" src=\"http:\/\/hoerbuch-club.de\/wp-content\/uploads\/2019\/07\/Weihnachtsgeschichten-f%C3%BCr-Kinder.jpg\" alt=\"Weihnachtsgeschichten-f\u00fcr-Kinder\" title=\"Weihnachtsgeschichten-f\u00fcr-Kinder\"><\/a><\/div> <\/div><\/div> <div  class=\"col-xs-12 col-sm-6 col-md-4\"><div  class=\"card no-padding bordered y-move\"> <a data-cp-link=\"1\" href=\"https:\/\/open.spotify.com\/album\/44QWlFTFHJqZIgTUuOH8VL\" target=\"_blank\" class=\"\" rel=\"noopener noreferrer\"><img decoding=\"async\"  class=\"face\" src=\"http:\/\/hoerbuch-club.de\/wp-content\/uploads\/2019\/07\/Omatar-gef%C3%BChrte-Meditationen-5.jpg\" alt=\"Omatar-gef\u00fchrte-Meditationen-5\" title=\"Omatar-gef\u00fchrte-Meditationen-5\"><\/a> <div  data-type=\"column\" class=\"col-padding-small col-padding-small-xs description-container\"><a data-cp-link=\"1\" href=\"https:\/\/open.spotify.com\/album\/3xRqLn89giYZUmoDHnA3Oi\" class=\"\" target=\"_blank\" rel=\"noopener noreferrer\"><img decoding=\"async\"  class=\"custom-image\" src=\"http:\/\/hoerbuch-club.de\/wp-content\/uploads\/2019\/07\/Christiane-Durer-Stella.jpg\" alt=\"Christiane-Durer-Stella\" title=\"Christiane-Durer-Stella\"><\/a>  <\/div> <div  data-type=\"column\" class=\"col-padding-small col-padding-small-xs read-more-container\"><a data-cp-link=\"1\" href=\"https:\/\/open.spotify.com\/album\/6LSgC0cPsqeHKVIpPhg5mc\" class=\"\" target=\"_blank\" rel=\"noopener noreferrer\"><img decoding=\"async\"  class=\"custom-image\" src=\"http:\/\/hoerbuch-club.de\/wp-content\/uploads\/2019\/07\/Omatar-gef%C3%BChrte-Meditationen-4.jpg\" alt=\"Omatar-gef\u00fchrte-Meditationen-4\" title=\"Omatar-gef\u00fchrte-Meditationen-4\"><\/a><a data-cp-link=\"1\" href=\"https:\/\/open.spotify.com\/album\/1xV1hskf8RvZUXzXcum3je\" class=\"\" target=\"_blank\" rel=\"noopener noreferrer\"><img decoding=\"async\"  class=\"custom-image\" src=\"http:\/\/hoerbuch-club.de\/wp-content\/uploads\/2019\/07\/Gute-Nacht-Geschichten-Kinder-2.jpg\" alt=\"Gute-Nacht-Geschichten-Kinder-2\" title=\"Gute-Nacht-Geschichten-Kinder-2\"><\/a><a data-cp-link=\"1\" href=\"https:\/\/open.spotify.com\/album\/3LPmzXVBAzfIBg1SUsW20Y\" class=\"\" target=\"_blank\" rel=\"noopener noreferrer\"><img decoding=\"async\"  class=\"custom-image\" src=\"http:\/\/hoerbuch-club.de\/wp-content\/uploads\/2019\/07\/Gute-Nacht-Geschichten-4.jpg\" alt=\"Gute-Nacht-Geschichten-4\" title=\"Gute-Nacht-Geschichten-4\"><\/a><a data-cp-link=\"1\" href=\"https:\/\/open.spotify.com\/album\/4WHs6xrflAzN5cRjhoIUu2\" class=\"\" target=\"_blank\" rel=\"noopener noreferrer\"><img decoding=\"async\"  class=\"custom-image\" src=\"http:\/\/hoerbuch-club.de\/wp-content\/uploads\/2019\/07\/Omatar-gef%C3%BChrte-Meditationen-2.jpg\" alt=\"Omatar-gef\u00fchrte-Meditationen-2\" title=\"Omatar-gef\u00fchrte-Meditationen-2\"><\/a><a data-cp-link=\"1\" href=\"https:\/\/open.spotify.com\/album\/0RkD2KfO5sPIgcTY0bEVIP\" class=\"\" target=\"_blank\" rel=\"noopener noreferrer\"><img decoding=\"async\"  class=\"custom-image\" src=\"http:\/\/hoerbuch-club.de\/wp-content\/uploads\/2019\/07\/Der-Schneeberg.jpg\" alt=\"Wulf-Kreutel-Der-Schneeberg\" title=\"Wulf-Kreutel-Der-Schneeberg\"><\/a><\/div> <\/div><\/div> <div  class=\"col-xs-12 col-sm-6 col-md-4\"><div  class=\"card no-padding bordered y-move\"> <a data-cp-link=\"1\" href=\"https:\/\/open.spotify.com\/album\/2kGF74wNkeTrPJWPgD063G\" target=\"_blank\" class=\"\" rel=\"noopener noreferrer\"><img decoding=\"async\"  class=\"face\" src=\"http:\/\/hoerbuch-club.de\/wp-content\/uploads\/2019\/07\/Gute-Nacht-Geschichten-F%C3%BCnftens.jpg\" alt=\"Gute-Nacht-Geschichten-F\u00fcnftens\" title=\"Gute-Nacht-Geschichten-F\u00fcnftens\"><\/a> <div  data-type=\"column\" class=\"col-padding-small col-padding-small-xs description-container\"><a data-cp-link=\"1\" href=\"https:\/\/open.spotify.com\/album\/2S1LOsX09ysJU94XA9MOxQ\" class=\"\" target=\"_blank\" rel=\"noopener noreferrer\"><img decoding=\"async\"  class=\"custom-image\" src=\"http:\/\/hoerbuch-club.de\/wp-content\/uploads\/2019\/07\/Lukas-und-seine-Freunde.jpg\" alt=\"Lukas-und-seine-FreundeLukas-und-seine-Freunde\" title=\"Lukas-und-seine-Freunde\"><\/a>  <\/div> <div  data-type=\"column\" class=\"col-padding-small col-padding-small-xs read-more-container\"><a data-cp-link=\"1\" href=\"https:\/\/open.spotify.com\/album\/3q3HDiFiAnPDyj7RIqmaks\" class=\"\" target=\"_blank\" rel=\"noopener noreferrer\"><img decoding=\"async\"  class=\"custom-image\" src=\"http:\/\/hoerbuch-club.de\/wp-content\/uploads\/2019\/07\/Omatar-gef%C3%BChrte-Meditationen-3.jpg\" alt=\"Omatar-gef\u00fchrte-Meditationen-3\" title=\"Omatar-gef\u00fchrte-Meditationen-3\"><\/a><a data-cp-link=\"1\" href=\"https:\/\/open.spotify.com\/album\/2OZyJ4k9v5YuouIrIU2Gor\" class=\"\" target=\"_blank\" rel=\"noopener noreferrer\"><img decoding=\"async\"  class=\"custom-image\" src=\"http:\/\/hoerbuch-club.de\/wp-content\/uploads\/2019\/07\/Gute-Nacht-Geschichten-Erwachsene-1.jpg\" alt=\"Gute-Nacht-Geschichten-Erwachsene-1\" title=\"Gute-Nacht-Geschichten-Erwachsene-1\"><\/a><a data-cp-link=\"1\" href=\"https:\/\/open.spotify.com\/album\/6lbc3OQum6cGlZP37U15wM\" class=\"\" target=\"_blank\" rel=\"noopener noreferrer\"><img decoding=\"async\"  class=\"custom-image\" src=\"http:\/\/hoerbuch-club.de\/wp-content\/uploads\/2019\/07\/Gute-Nacht-Geschichten-1.jpg\" alt=\"Gute-Nacht-Geschichten-1\" title=\"Gute-Nacht-Geschichten-1\"><\/a><a data-cp-link=\"1\" href=\"https:\/\/open.spotify.com\/album\/2PNIEP8vJqQneGxeTsWZtd\" class=\"\" target=\"_blank\" rel=\"noopener noreferrer\"><img decoding=\"async\"  class=\"custom-image\" src=\"http:\/\/hoerbuch-club.de\/wp-content\/uploads\/2019\/07\/Omatar-gef%C3%BChrte-Meditationen-1.jpg\" alt=\"Omatar-gef\u00fchrte-Meditationen-1\" title=\"Omatar-gef\u00fchrte-Meditationen-1\"><\/a><a data-cp-link=\"1\" href=\"https:\/\/open.spotify.com\/album\/44QWlFTFHJqZIgTUuOH8VL\" class=\"\" target=\"_blank\" rel=\"noopener noreferrer\"><img decoding=\"async\"  class=\"custom-image\" src=\"http:\/\/hoerbuch-club.de\/wp-content\/uploads\/2019\/07\/Omatar-gef%C3%BChrte-Meditationen-5.jpg\" alt=\"Omatar-gef\u00fchrte-Meditationen-5\" title=\"Omatar-gef\u00fchrte-Meditationen-5\"><\/a><\/div> <\/div><\/div> <\/div><\/div> <\/div><div  id=\"did-you-know\" style=\"background-color: #f5fafd;\" data-label=\"Did you know\" data-id=\"blog-section-mc\" data-export-id=\"blog-section-mc\" data-category=\"latest_news\" class=\"blog-section-mc blog-section-standard content-section content-section-spacing\" data-bullets-visibility=\"true\"><div  class=\"gridContainer\"> <div  class=\"row\"><div  data-type=\"column\" class=\"section-title-col\"> <h5  class=\"\">WE LOVE BLOGGING<\/h5> <h2  class=\"\">Latest from Our Blog<\/h2> <p  class=\"lead\"><\/p><\/div> <\/div> <div  class=\"row\"> <div  data-type=\"row\" data-dynamic-columns=\"handled\" data-content-shortcode=\"mesmerize_latest_news posts=&quot;3&quot;\">\t\t<div class=\"row center-sm content-left-sm\">\n\t\t\t\t\t<div id=\"post-53\" class=\"col-sm-6 col-md-4 space-bottom space-bottom-xs\">\n\t\t\t\t<div class=\"post-content card y-move bordered\">\n\t\t\t\t\t\t\t\t\t\t<div class=\"col-padding col-padding-xs\">\n\t\t\t\t\t\t<h3 class=\"post-title space-bottom-small\">\n\t\t\t\t\t\t\t<a href=\"http:\/\/hoerbuch-club.de\/?p=53\" rel=\"bookmark\">\n\t\t\t\t\t\t\t\tHallo\t\t\t\t\t\t\t<\/a>\n\t\t\t\t\t\t<\/h3>\n\t\t\t\t\t\t<p>Nun ist es soweit. Unsere neue Homepage ist fertig! Wir freuen Euch hier begr\u00fc\u00dfen zu d\u00fcrfen! Alle unsere Titel sind in den bekannten Musik- und H\u00f6rbuch-plattformen zu finden. Apple Music[&hellip;]<\/p>\n\t\t\t\t\t\t<a class=\"read-more link\" href=\"http:\/\/hoerbuch-club.de\/?p=53\">\n\t\t\t\t\t\t\tRead more\t\t\t\t\t\t<\/a>\n\t\t\t\t\t<\/div>\n\t\t\t\t<\/div>\n\t\t\t<\/div>\n\t\t\t\t<\/div>\n\t<\/div><\/div> <div  class=\"row\"><div  class=\"text-center\"> <a  class=\"button color1\" data-attr-shortcode=\"href:mesmerize_blog_link\" href=\"http:\/\/hoerbuch-club.de\/?page_id=60\">VIEW OUR BLOG<\/a><\/div> <\/div><\/div><\/div><div  id=\"contact-1\" style=\"background-color: #ffffff;\" data-label=\"Contact\" data-id=\"contact-1-mc\" data-export-id=\"contact-1-mc\" data-bullets-visibility=\"true\" data-category=\"contact\" class=\"contact-1-mc content-section content-section-spacing white-text\" data-parallax-depth=\"20\"><div  class=\"gridContainer\"> <div  class=\"row text-center\"><div  class=\"section-title-col\" data-type=\"column\"> <h5  class=\"\">CONNECT WITH US<\/h5> <h2  class=\"\">Contact us<\/h2> <p  class=\"lead\">With the Internet spreading linke wildfire and reaching every part of our daily life, more and more traffic is directed to websites in search for information.<\/p><\/div> <\/div> <div  class=\"row text-center\"> <div  class=\"col-xs-12 col-sm-8 col-sm-offset-2 contact-form-wrapper inline-info\"> <div  class=\"card large-padding\"> <div  class=\"\" data-content-shortcode=\"mesmerize_contact_form shortcode=&quot;wpforms id=&amp;amp;quot;6&amp;amp;quot; title=&amp;amp;quot;false&amp;amp;quot; description=&amp;amp;quot;false&amp;amp;quot;&quot;\" data-editable=\"true\">[wpforms id=\"6\" title=\"false\" description=\"false\"]<\/div><\/div> <\/div><\/div> <\/div><\/div>","protected":false},"excerpt":{"rendered":"<p>H\u00f6ren statt Lesen H\u00f6rbuchclub Hier findet man unterhaltsame, lustige, lehrreiche H\u00f6rb\u00fccher f\u00fcr Erwachsene und Kinder Geschichten f\u00fcr Gro\u00df und Klein! Erz\u00e4hlungen&nbsp; Geschichten&nbsp; M\u00e4rchen&nbsp; Storys&nbsp; Abenteuer&nbsp; Gute Nacht Geschichten WE LOVE BLOGGING Latest from Our Blog VIEW OUR BLOG CONNECT WITH US Contact us With the Internet spreading linke wildfire and reaching every part of our&hellip; <br \/> <a class=\"read-more\" href=\"http:\/\/hoerbuch-club.de\/?p=53\">Weiterlesen<\/a><\/p>\n","protected":false},"author":1,"featured_media":0,"parent":0,"menu_order":0,"comment_status":"closed","ping_status":"closed","template":"page-templates\/homepage.php","meta":{"footnotes":""},"class_list":["post-4","page","type-page","status-publish","hentry"],"yoast_head":"<!-- This site is optimized with the Yoast SEO plugin v27.5 - https:\/\/yoast.com\/product\/yoast-seo-wordpress\/ -->\n<title>Home - Hoerbuch-club<\/title>\n<meta name=\"robots\" content=\"index, follow, max-snippet:-1, max-image-preview:large, max-video-preview:-1\" \/>\n<link rel=\"canonical\" href=\"http:\/\/hoerbuch-club.de\/\" \/>\n<meta property=\"og:locale\" content=\"de_DE\" \/>\n<meta property=\"og:type\" content=\"article\" \/>\n<meta property=\"og:title\" content=\"Home - Hoerbuch-club\" \/>\n<meta property=\"og:description\" content=\"H\u00f6ren statt Lesen H\u00f6rbuchclub Hier findet man unterhaltsame, lustige, lehrreiche H\u00f6rb\u00fccher f\u00fcr Erwachsene und Kinder Geschichten f\u00fcr Gro\u00df und Klein! Erz\u00e4hlungen&nbsp; Geschichten&nbsp; M\u00e4rchen&nbsp; Storys&nbsp; Abenteuer&nbsp; Gute Nacht Geschichten WE LOVE BLOGGING Latest from Our Blog VIEW OUR BLOG CONNECT WITH US Contact us With the Internet spreading linke wildfire and reaching every part of our&hellip; Weiterlesen\" \/>\n<meta property=\"og:url\" content=\"http:\/\/hoerbuch-club.de\/\" \/>\n<meta property=\"og:site_name\" content=\"Hoerbuch-club\" \/>\n<meta property=\"article:modified_time\" content=\"2020-10-13T18:13:20+00:00\" \/>\n<meta property=\"og:image\" content=\"http:\/\/hoerbuch-club.de\/wp-content\/uploads\/2019\/07\/Kunjappu-Omatar-welcome-to-universe.jpg\" \/>\n<meta name=\"twitter:card\" content=\"summary_large_image\" \/>\n<meta name=\"twitter:label1\" content=\"Gesch\u00e4tzte Lesezeit\" \/>\n\t<meta name=\"twitter:data1\" content=\"1\u00a0Minute\" \/>\n<script type=\"application\/ld+json\" class=\"yoast-schema-graph\">{\"@context\":\"https:\\\/\\\/schema.org\",\"@graph\":[{\"@type\":\"WebPage\",\"@id\":\"http:\\\/\\\/hoerbuch-club.de\\\/\",\"url\":\"http:\\\/\\\/hoerbuch-club.de\\\/\",\"name\":\"Home - Hoerbuch-club\",\"isPartOf\":{\"@id\":\"http:\\\/\\\/hoerbuch-club.de\\\/#website\"},\"primaryImageOfPage\":{\"@id\":\"http:\\\/\\\/hoerbuch-club.de\\\/#primaryimage\"},\"image\":{\"@id\":\"http:\\\/\\\/hoerbuch-club.de\\\/#primaryimage\"},\"thumbnailUrl\":\"http:\\\/\\\/hoerbuch-club.de\\\/wp-content\\\/uploads\\\/2019\\\/07\\\/Kunjappu-Omatar-welcome-to-universe.jpg\",\"datePublished\":\"2019-07-14T20:51:18+00:00\",\"dateModified\":\"2020-10-13T18:13:20+00:00\",\"breadcrumb\":{\"@id\":\"http:\\\/\\\/hoerbuch-club.de\\\/#breadcrumb\"},\"inLanguage\":\"de\",\"potentialAction\":[{\"@type\":\"ReadAction\",\"target\":[\"http:\\\/\\\/hoerbuch-club.de\\\/\"]}]},{\"@type\":\"ImageObject\",\"inLanguage\":\"de\",\"@id\":\"http:\\\/\\\/hoerbuch-club.de\\\/#primaryimage\",\"url\":\"http:\\\/\\\/hoerbuch-club.de\\\/wp-content\\\/uploads\\\/2019\\\/07\\\/Kunjappu-Omatar-welcome-to-universe.jpg\",\"contentUrl\":\"http:\\\/\\\/hoerbuch-club.de\\\/wp-content\\\/uploads\\\/2019\\\/07\\\/Kunjappu-Omatar-welcome-to-universe.jpg\",\"width\":2000,\"height\":2000,\"caption\":\"Kunjappu-Omatar-welcome-to-universe\"},{\"@type\":\"BreadcrumbList\",\"@id\":\"http:\\\/\\\/hoerbuch-club.de\\\/#breadcrumb\",\"itemListElement\":[{\"@type\":\"ListItem\",\"position\":1,\"name\":\"Startseite\",\"item\":\"http:\\\/\\\/hoerbuch-club.de\\\/\"},{\"@type\":\"ListItem\",\"position\":2,\"name\":\"Home\"}]},{\"@type\":\"WebSite\",\"@id\":\"http:\\\/\\\/hoerbuch-club.de\\\/#website\",\"url\":\"http:\\\/\\\/hoerbuch-club.de\\\/\",\"name\":\"Hoerbuch-club\",\"description\":\"H\u00f6rb\u00fccher f\u00fcr Erwachsene und Kinder\",\"potentialAction\":[{\"@type\":\"SearchAction\",\"target\":{\"@type\":\"EntryPoint\",\"urlTemplate\":\"http:\\\/\\\/hoerbuch-club.de\\\/?s={search_term_string}\"},\"query-input\":{\"@type\":\"PropertyValueSpecification\",\"valueRequired\":true,\"valueName\":\"search_term_string\"}}],\"inLanguage\":\"de\"}]}<\/script>\n<!-- \/ Yoast SEO plugin. -->","yoast_head_json":{"title":"Home - Hoerbuch-club","robots":{"index":"index","follow":"follow","max-snippet":"max-snippet:-1","max-image-preview":"max-image-preview:large","max-video-preview":"max-video-preview:-1"},"canonical":"http:\/\/hoerbuch-club.de\/","og_locale":"de_DE","og_type":"article","og_title":"Home - Hoerbuch-club","og_description":"H\u00f6ren statt Lesen H\u00f6rbuchclub Hier findet man unterhaltsame, lustige, lehrreiche H\u00f6rb\u00fccher f\u00fcr Erwachsene und Kinder Geschichten f\u00fcr Gro\u00df und Klein! Erz\u00e4hlungen&nbsp; Geschichten&nbsp; M\u00e4rchen&nbsp; Storys&nbsp; Abenteuer&nbsp; Gute Nacht Geschichten WE LOVE BLOGGING Latest from Our Blog VIEW OUR BLOG CONNECT WITH US Contact us With the Internet spreading linke wildfire and reaching every part of our&hellip; Weiterlesen","og_url":"http:\/\/hoerbuch-club.de\/","og_site_name":"Hoerbuch-club","article_modified_time":"2020-10-13T18:13:20+00:00","og_image":[{"url":"http:\/\/hoerbuch-club.de\/wp-content\/uploads\/2019\/07\/Kunjappu-Omatar-welcome-to-universe.jpg","type":"","width":"","height":""}],"twitter_card":"summary_large_image","twitter_misc":{"Gesch\u00e4tzte Lesezeit":"1\u00a0Minute"},"schema":{"@context":"https:\/\/schema.org","@graph":[{"@type":"WebPage","@id":"http:\/\/hoerbuch-club.de\/","url":"http:\/\/hoerbuch-club.de\/","name":"Home - Hoerbuch-club","isPartOf":{"@id":"http:\/\/hoerbuch-club.de\/#website"},"primaryImageOfPage":{"@id":"http:\/\/hoerbuch-club.de\/#primaryimage"},"image":{"@id":"http:\/\/hoerbuch-club.de\/#primaryimage"},"thumbnailUrl":"http:\/\/hoerbuch-club.de\/wp-content\/uploads\/2019\/07\/Kunjappu-Omatar-welcome-to-universe.jpg","datePublished":"2019-07-14T20:51:18+00:00","dateModified":"2020-10-13T18:13:20+00:00","breadcrumb":{"@id":"http:\/\/hoerbuch-club.de\/#breadcrumb"},"inLanguage":"de","potentialAction":[{"@type":"ReadAction","target":["http:\/\/hoerbuch-club.de\/"]}]},{"@type":"ImageObject","inLanguage":"de","@id":"http:\/\/hoerbuch-club.de\/#primaryimage","url":"http:\/\/hoerbuch-club.de\/wp-content\/uploads\/2019\/07\/Kunjappu-Omatar-welcome-to-universe.jpg","contentUrl":"http:\/\/hoerbuch-club.de\/wp-content\/uploads\/2019\/07\/Kunjappu-Omatar-welcome-to-universe.jpg","width":2000,"height":2000,"caption":"Kunjappu-Omatar-welcome-to-universe"},{"@type":"BreadcrumbList","@id":"http:\/\/hoerbuch-club.de\/#breadcrumb","itemListElement":[{"@type":"ListItem","position":1,"name":"Startseite","item":"http:\/\/hoerbuch-club.de\/"},{"@type":"ListItem","position":2,"name":"Home"}]},{"@type":"WebSite","@id":"http:\/\/hoerbuch-club.de\/#website","url":"http:\/\/hoerbuch-club.de\/","name":"Hoerbuch-club","description":"H\u00f6rb\u00fccher f\u00fcr Erwachsene und Kinder","potentialAction":[{"@type":"SearchAction","target":{"@type":"EntryPoint","urlTemplate":"http:\/\/hoerbuch-club.de\/?s={search_term_string}"},"query-input":{"@type":"PropertyValueSpecification","valueRequired":true,"valueName":"search_term_string"}}],"inLanguage":"de"}]}},"_links":{"self":[{"href":"http:\/\/hoerbuch-club.de\/index.php?rest_route=\/wp\/v2\/pages\/4","targetHints":{"allow":["GET"]}}],"collection":[{"href":"http:\/\/hoerbuch-club.de\/index.php?rest_route=\/wp\/v2\/pages"}],"about":[{"href":"http:\/\/hoerbuch-club.de\/index.php?rest_route=\/wp\/v2\/types\/page"}],"author":[{"embeddable":true,"href":"http:\/\/hoerbuch-club.de\/index.php?rest_route=\/wp\/v2\/users\/1"}],"replies":[{"embeddable":true,"href":"http:\/\/hoerbuch-club.de\/index.php?rest_route=%2Fwp%2Fv2%2Fcomments&post=4"}],"version-history":[{"count":0,"href":"http:\/\/hoerbuch-club.de\/index.php?rest_route=\/wp\/v2\/pages\/4\/revisions"}],"wp:attachment":[{"href":"http:\/\/hoerbuch-club.de\/index.php?rest_route=%2Fwp%2Fv2%2Fmedia&parent=4"}],"curies":[{"name":"wp","href":"https:\/\/api.w.org\/{rel}","templated":true}]}}